{"id":15,"date":"2020-01-02T13:13:11","date_gmt":"2020-01-02T13:13:11","guid":{"rendered":"http:\/\/pierre-dominique-ponnelle.com\/?page_id=15"},"modified":"2022-06-21T12:11:26","modified_gmt":"2022-06-21T12:11:26","slug":"startseite","status":"publish","type":"page","link":"http:\/\/pierre-dominique-ponnelle.com\/","title":{"rendered":"Startseite"},"content":{"rendered":"<p>[et_pb_section fb_built=&#8220;1&#8243; _builder_version=&#8220;4.16&#8243; custom_padding=&#8220;0px||0px||false|false&#8220; global_colors_info=&#8220;{}&#8220;][et_pb_row column_structure=&#8220;3_4,1_4&#8243; _builder_version=&#8220;4.16&#8243; custom_margin=&#8220;0px||||false|false&#8220; custom_padding=&#8220;0px||||false|false&#8220; global_colors_info=&#8220;{}&#8220;][et_pb_column type=&#8220;3_4&#8243; _builder_version=&#8220;4.16&#8243; global_colors_info=&#8220;{}&#8220;][et_pb_team_member image_url=&#8220;http:\/\/pierre-dominique-ponnelle.com\/wp-content\/uploads\/2020\/07\/PA241335.jpg&#8220; _builder_version=&#8220;4.17.4&#8243; hover_enabled=&#8220;0&#8243; global_colors_info=&#8220;{}&#8220; sticky_enabled=&#8220;0&#8243;]<\/p>\n<p><strong><\/strong><\/p>\n<p><strong>Pierre-Dominique Ponnelle<\/strong> wurde 1957 in M\u00fcnchen geboren. Er studierte am dortigen Richard-Strauss-Konservatorium (Komposition bei Rochus Gebhard), sowie bei Otmar Suitner und Herbert von Karajan.<br \/>Er ist als Dirigent sowohl im Opernbereich als auch in der Sinfonik international t\u00e4tig. 1992 bis 1996, nach dem Zusammenbruch der Sowjetunion, war er Chefdirigent der Staatsphilharmonie in Minsk, Weissrussland. Seine Arbeit dort ist durch Aufnahmen bei den Labels Musicaphon und BMG-RCA dokumentiert, sowie durch den Film \u201eGesang der V\u00f6gel\u201c (Regie: Christian Rischert, BR, 1997). Gleichzeitig gastierte er als freier Dirigent von der Ukraine \u00fcber den Kaukasus, das Wolga-Gebiet, Sankt Petersburg, Zentralasien, Sibirien bis zum Pazi\ufb01k. Im Westen dirigierte er u.a. das Bruckner-Orchester Linz, das Orchestre Philharmonique de Lyon, die M\u00fcnchner Philharmoniker, die Bamberger Sinfoniker, am Opernhaus Z\u00fcrich, an der Deutschen Oper am Rhein. 2010 erschien beim Leipziger Label GENUIN eine CD mit einigen seiner Kammermusikwerke. Seine Musik wurde unter anderem bei den internationalen Festspielen f\u00fcr zeitgen\u00f6ssische Musik in Odessa (Ukraine) und Rostov-am-Don\u00a0(Russland) aufgef\u00fchrt, in Tashkent (Usbekistan) vom Ensemble f\u00fcr moderne Musik \u201eOmnibus\u201c, in M\u00fcnchen u.a. im Herkulessaal in der Konzertreihe von Georg H\u00f6rtnagel, von Musikern des Bayerischen Staatsorchesters im K\u00fcnstlerhaus, von Mitgliedern des M\u00fcnchener Kammerorchesters im Rahmen eines Portr\u00e4tkonzertes im Orff-Zentrum-M\u00fcnchen, sowie in der Bayerischen Akademie der sch\u00f6nen K\u00fcnste. 2018 wurde ihm der Preis f\u00fcr V\u00f6lkerverst\u00e4ndigung von der Stiftung f\u00fcr Demokratie und Marktwirtschaft in M\u00fcnchen verliehen.<\/p>\n<p>[\/et_pb_team_member][et_pb_button button_url=&#8220;http:\/\/pierre-dominique-ponnelle.com\/wp-content\/uploads\/2020\/11\/CV-Pierre-Dominique-Ponnelle_kurz.pdf&#8220; url_new_window=&#8220;on&#8220; button_text=&#8220;CV \u2014 Kurzversion als PDF&#8220; _builder_version=&#8220;4.16&#8243; custom_button=&#8220;on&#8220; button_text_size=&#8220;16px&#8220; button_border_width=&#8220;1px&#8220; global_colors_info=&#8220;{}&#8220;][\/et_pb_button][et_pb_video src=&#8220;https:\/\/vimeo.com\/482270252&#8243; _builder_version=&#8220;4.16&#8243; global_colors_info=&#8220;{}&#8220;][\/et_pb_video][et_pb_image src=&#8220;http:\/\/pierre-dominique-ponnelle.com\/wp-content\/uploads\/2020\/10\/Autograph_Ponnelle.jpg&#8220; _builder_version=&#8220;4.16&#8243; border_radii=&#8220;on|10px|10px|10px|10px&#8220; global_colors_info=&#8220;{}&#8220;][\/et_pb_image][\/et_pb_column][et_pb_column type=&#8220;1_4&#8243; _builder_version=&#8220;4.16&#8243; global_colors_info=&#8220;{}&#8220;][et_pb_sidebar orientation=&#8220;right&#8220; _builder_version=&#8220;4.16&#8243; header_font_size=&#8220;14px&#8220; body_text_color=&#8220;#727272&#8243; background_color=&#8220;rgba(0,0,0,0)&#8220; custom_margin=&#8220;0px||||false|false&#8220; custom_padding=&#8220;0px||||false|false&#8220; global_colors_info=&#8220;{}&#8220;][\/et_pb_sidebar][\/et_pb_column][\/et_pb_row][et_pb_row _builder_version=&#8220;4.16&#8243; global_colors_info=&#8220;{}&#8220;][et_pb_column type=&#8220;4_4&#8243; _builder_version=&#8220;4.16&#8243; global_colors_info=&#8220;{}&#8220;][et_pb_image src=&#8220;http:\/\/pierre-dominique-ponnelle.com\/wp-content\/uploads\/2020\/11\/Ich-ritt-durch-die-Nacht-Lesung-1.jpg&#8220; _builder_version=&#8220;4.16&#8243; global_colors_info=&#8220;{}&#8220;][\/et_pb_image][et_pb_image src=&#8220;http:\/\/pierre-dominique-ponnelle.com\/wp-content\/uploads\/2020\/11\/Ich-ritt-durch-die-Nacht-Lesung-2.jpg&#8220; _builder_version=&#8220;4.16&#8243; global_colors_info=&#8220;{}&#8220;][\/et_pb_image][\/et_pb_column][\/et_pb_row][et_pb_row column_structure=&#8220;1_3,1_3,1_3&#8243; _builder_version=&#8220;4.16&#8243; global_colors_info=&#8220;{}&#8220;][et_pb_column type=&#8220;1_3&#8243; _builder_version=&#8220;4.16&#8243; global_colors_info=&#8220;{}&#8220;][et_pb_video src=&#8220;https:\/\/youtu.be\/SrgeQGovVXI&#8220; _builder_version=&#8220;4.16&#8243; global_colors_info=&#8220;{}&#8220;][\/et_pb_video][\/et_pb_column][et_pb_column type=&#8220;1_3&#8243; _builder_version=&#8220;4.16&#8243; global_colors_info=&#8220;{}&#8220;][et_pb_video src=&#8220;https:\/\/youtu.be\/tIjnvDLjZ44&#8243; _builder_version=&#8220;4.16&#8243; global_colors_info=&#8220;{}&#8220;][\/et_pb_video][\/et_pb_column][et_pb_column type=&#8220;1_3&#8243; _builder_version=&#8220;4.16&#8243; global_colors_info=&#8220;{}&#8220;][et_pb_video src=&#8220;https:\/\/youtu.be\/eJPfhfQj8AM&#8220; _builder_version=&#8220;4.16&#8243; global_colors_info=&#8220;{}&#8220;][\/et_pb_video][\/et_pb_column][\/et_pb_row][et_pb_row column_structure=&#8220;1_4,1_4,1_4,1_4&#8243; _builder_version=&#8220;4.16&#8243; global_colors_info=&#8220;{}&#8220;][et_pb_column type=&#8220;1_4&#8243; _builder_version=&#8220;4.16&#8243; global_colors_info=&#8220;{}&#8220;][et_pb_video src=&#8220;https:\/\/youtu.be\/ZsCGNffYVok&#8220; _builder_version=&#8220;4.16&#8243; global_colors_info=&#8220;{}&#8220;][\/et_pb_video][\/et_pb_column][et_pb_column type=&#8220;1_4&#8243; _builder_version=&#8220;4.16&#8243; global_colors_info=&#8220;{}&#8220;][et_pb_video src=&#8220;https:\/\/youtu.be\/735mzj87FlQ&#8220; _builder_version=&#8220;4.16&#8243; global_colors_info=&#8220;{}&#8220;][\/et_pb_video][\/et_pb_column][et_pb_column type=&#8220;1_4&#8243; _builder_version=&#8220;4.16&#8243; global_colors_info=&#8220;{}&#8220;][et_pb_video src=&#8220;https:\/\/youtu.be\/KPzfm_g_InE&#8220; _builder_version=&#8220;4.16&#8243; global_colors_info=&#8220;{}&#8220;][\/et_pb_video][\/et_pb_column][et_pb_column type=&#8220;1_4&#8243; _builder_version=&#8220;4.16&#8243; global_colors_info=&#8220;{}&#8220;][et_pb_video src=&#8220;https:\/\/youtu.be\/85VaUf03hmo&#8220; _builder_version=&#8220;4.16&#8243; global_colors_info=&#8220;{}&#8220;][\/et_pb_video][\/et_pb_column][\/et_pb_row][et_pb_row column_structure=&#8220;1_4,3_4&#8243; _builder_version=&#8220;4.16&#8243; global_colors_info=&#8220;{}&#8220;][et_pb_column type=&#8220;1_4&#8243; _builder_version=&#8220;4.16&#8243; global_colors_info=&#8220;{}&#8220;][et_pb_image src=&#8220;http:\/\/pierre-dominique-ponnelle.com\/wp-content\/uploads\/2020\/07\/cover.htm-e1605775689934.jpeg&#8220; alt=&#8220;Umschlagabbildung: Stefan F. Konrad&#8220; title_text=&#8220;Umschlagabbildung: Stefan F. Konrad&#8220; show_in_lightbox=&#8220;on&#8220; _builder_version=&#8220;4.16&#8243; global_colors_info=&#8220;{}&#8220;][\/et_pb_image][et_pb_image src=&#8220;http:\/\/pierre-dominique-ponnelle.com\/wp-content\/uploads\/2020\/07\/Image00001.jpg&#8220; _builder_version=&#8220;4.16&#8243; global_colors_info=&#8220;{}&#8220;][\/et_pb_image][\/et_pb_column][et_pb_column type=&#8220;3_4&#8243; _builder_version=&#8220;4.16&#8243; global_colors_info=&#8220;{}&#8220;][et_pb_testimonial author=&#8220;Ponnelle, Pierre-Dominique &#8220; job_title=&#8220;Meine Minsker Jahre&#8220; company_name=&#8220;mit einem Text von Wolf Wondratschek enth\u00e4lt Abbildungen  Klappenbroschur 47 S.; 2019  ISBN 978-3-89086-314-6 \u20ac 20 ,- beim Verlag bestellen &#8220; url=&#8220;https:\/\/www.rimbaud.de\/books\/meine-minsker-jahre\/&#8220; url_new_window=&#8220;on&#8220; portrait_url=&#8220;http:\/\/pierre-dominique-ponnelle.com\/wp-content\/uploads\/2020\/07\/Ponnelle_8900_1-Kopie.jpg&#8220; quote_icon_color=&#8220;#0c71c3&#8243; quote_icon_background_color=&#8220;#ffffff&#8220; portrait_width=&#8220;122px&#8220; portrait_height=&#8220;182px&#8220; use_icon_font_size=&#8220;on&#8220; icon_font_size=&#8220;45px&#8220; _builder_version=&#8220;4.16&#8243; body_text_color=&#8220;#ffffff&#8220; body_font_size=&#8220;16px&#8220; background_color=&#8220;#0c71c3&#8243; link_option_url=&#8220;https:\/\/www.rimbaud.de\/books\/meine-minsker-jahre\/&#8220; link_option_url_new_window=&#8220;on&#8220; global_colors_info=&#8220;{}&#8220;]<\/p>\n<p><em>&#8222;Als junger Musiker h\u00e4tte ich es mir nicht tr\u00e4umen lassen, da\u00df mich mein Weg nach Osten f\u00fchren w\u00fcrde. Was anfangs, durch die schwierigen Bedingungen, wie eine H\u00e4rte wirkte, entpuppte sich als Gl\u00fccksfall. Dank der vielen wunderbaren Menschen, denen ich begegnen durfte, und dank der reichen und mannigfaltigen Kultur f\u00fchle ich mich bereichert, und bin dankbar.&#8220;<\/em><\/p>\n<p>[\/et_pb_testimonial][et_pb_testimonial author=&#8220;Joachim Kaiser&#8220; job_title=&#8220;Der Musikkritiker Joachim Kaiser besuchte den M\u00fcnchner Dirigenten Pierre-Dominique Ponnelle in der wei\u00dfrussischen Metropole&#8220; url=&#8220;https:\/\/www.rimbaud.de\/books\/meine-minsker-jahre\/&#8220; url_new_window=&#8220;on&#8220; portrait_url=&#8220;http:\/\/pierre-dominique-ponnelle.com\/wp-content\/uploads\/2020\/09\/Joachim-Kaiser-2007.jpg&#8220; quote_icon_color=&#8220;#0c71c3&#8243; quote_icon_background_color=&#8220;#ffffff&#8220; portrait_width=&#8220;122px&#8220; portrait_height=&#8220;182px&#8220; use_icon_font_size=&#8220;on&#8220; icon_font_size=&#8220;45px&#8220; _builder_version=&#8220;4.16&#8243; body_text_color=&#8220;#ffffff&#8220; body_font_size=&#8220;16px&#8220; background_color=&#8220;#0c71c3&#8243; link_option_url=&#8220;https:\/\/www.rimbaud.de\/books\/meine-minsker-jahre\/&#8220; link_option_url_new_window=&#8220;on&#8220; global_colors_info=&#8220;{}&#8220;]<\/p>\n<h1><span>Ein Gl\u00fccksfall f\u00fcr die Minsker Musik<\/span><\/h1>\n<p><span>. . . M\u00e4rchenhaft und wunderbar mutet es an, da\u00df ein solcher emphatisch \u201edeutscher\u201c K\u00fcnstler seine Ideen und Ideale gerade in Minsk verwirklichen darf und kann! Die Hauptstadt der Republik Belarus wurde im Zweiten Weltkrieg von der deutschen Wehrmacht zerst\u00f6rt. Von den 150\u00a0000 Minsker Juden kamen 100\u00a0000 im Minsker Getto ums Leben. Die Rote Armee kam als \u201eRetter\u201c und brachte den Stalinismus zur\u00fcck. 1986 geschah Tschernobyl . . .<\/span><\/p>\n<p><span>Aus einem Artikel von 1996, Focus<\/span><\/p>\n<p><a href=\"https:\/\/www.focus.de\/kultur\/musik\/musik-ein-gluecksfall-fuer-die-minsker-musik_aid_159865.html\">Zum Artikel<\/a><\/p>\n<p>[\/et_pb_testimonial][\/et_pb_column][\/et_pb_row][\/et_pb_section]<\/p>\n","protected":false},"excerpt":{"rendered":"<p>Pierre-Dominique Ponnelle wurde 1957 in M\u00fcnchen geboren. Er studierte am dortigen Richard-Strauss-Konservatorium (Komposition bei Rochus Gebhard), sowie bei Otmar Suitner und Herbert von Karajan.Er ist als Dirigent sowohl im Opernbereich als auch in der Sinfonik international t\u00e4tig. 1992 bis 1996, nach dem Zusammenbruch der Sowjetunion, war er Chefdirigent der Staatsphilharmonie in Minsk, Weissrussland. Seine Arbeit [&hellip;]<\/p>\n","protected":false},"author":1,"featured_media":0,"parent":0,"menu_order":0,"comment_status":"closed","ping_status":"closed","template":"","meta":{"_et_pb_use_builder":"on","_et_pb_old_content":"","_et_gb_content_width":"","footnotes":""},"class_list":["post-15","page","type-page","status-publish","hentry"],"_links":{"self":[{"href":"http:\/\/pierre-dominique-ponnelle.com\/index.php?rest_route=\/wp\/v2\/pages\/15","targetHints":{"allow":["GET"]}}],"collection":[{"href":"http:\/\/pierre-dominique-ponnelle.com\/index.php?rest_route=\/wp\/v2\/pages"}],"about":[{"href":"http:\/\/pierre-dominique-ponnelle.com\/index.php?rest_route=\/wp\/v2\/types\/page"}],"author":[{"embeddable":true,"href":"http:\/\/pierre-dominique-ponnelle.com\/index.php?rest_route=\/wp\/v2\/users\/1"}],"replies":[{"embeddable":true,"href":"http:\/\/pierre-dominique-ponnelle.com\/index.php?rest_route=%2Fwp%2Fv2%2Fcomments&post=15"}],"version-history":[{"count":28,"href":"http:\/\/pierre-dominique-ponnelle.com\/index.php?rest_route=\/wp\/v2\/pages\/15\/revisions"}],"predecessor-version":[{"id":705,"href":"http:\/\/pierre-dominique-ponnelle.com\/index.php?rest_route=\/wp\/v2\/pages\/15\/revisions\/705"}],"wp:attachment":[{"href":"http:\/\/pierre-dominique-ponnelle.com\/index.php?rest_route=%2Fwp%2Fv2%2Fmedia&parent=15"}],"curies":[{"name":"wp","href":"https:\/\/api.w.org\/{rel}","templated":true}]}}