{"id":177,"date":"2020-09-01T08:27:56","date_gmt":"2020-09-01T08:27:56","guid":{"rendered":"http:\/\/pierre-dominique-ponnelle.com\/?page_id=177"},"modified":"2022-06-21T09:24:42","modified_gmt":"2022-06-21T09:24:42","slug":"publikationen","status":"publish","type":"page","link":"http:\/\/pierre-dominique-ponnelle.com\/?page_id=177","title":{"rendered":"Meine Minsker Jahre"},"content":{"rendered":"<p>[et_pb_section fb_built=&#8220;1&#8243; admin_label=&#8220;Page Title Section&#8220; _builder_version=&#8220;4.16&#8243; use_background_color_gradient=&#8220;on&#8220; background_color_gradient_direction=&#8220;90deg&#8220; background_color_gradient_stops=&#8220;#f4f4f4 50%|rgba(244,244,244,0) 80%&#8220; background_color_gradient_overlays_image=&#8220;on&#8220; background_color_gradient_start=&#8220;#f4f4f4&#8243; background_color_gradient_start_position=&#8220;50%&#8220; background_color_gradient_end=&#8220;rgba(244,244,244,0)&#8220; background_color_gradient_end_position=&#8220;80%&#8220; background_image=&#8220;http:\/\/pierre-dominique-ponnelle.com\/wp-content\/uploads\/2020\/08\/Muenchen_2-scaled.jpg&#8220; custom_padding=&#8220;50px||50px||false|false&#8220; global_colors_info=&#8220;{}&#8220;][et_pb_row _builder_version=&#8220;4.16&#8243; background_color=&#8220;#0c71c3&#8243; background_size=&#8220;initial&#8220; background_position=&#8220;top_left&#8220; background_repeat=&#8220;repeat&#8220; max_width=&#8220;960px&#8220; custom_margin=&#8220;||40px|0px&#8220; custom_padding=&#8220;27px|40px||10%&#8220; animation_style=&#8220;slide&#8220; animation_direction=&#8220;left&#8220; animation_intensity_slide=&#8220;2%&#8220; border_radii=&#8220;||6px|6px|&#8220; border_width_right=&#8220;30px&#8220; border_color_right=&#8220;#bdada0&#8243; box_shadow_style=&#8220;preset3&#8243; box_shadow_vertical=&#8220;35px&#8220; box_shadow_blur=&#8220;70px&#8220; box_shadow_spread=&#8220;-35px&#8220; box_shadow_color=&#8220;rgba(0,0,0,0.6)&#8220; use_custom_width=&#8220;on&#8220; custom_width_px=&#8220;960px&#8220; global_colors_info=&#8220;{}&#8220;][et_pb_column type=&#8220;4_4&#8243; _builder_version=&#8220;4.16&#8243; custom_padding=&#8220;|||&#8220; custom_padding_tablet=&#8220;|||10%&#8220; custom_padding_last_edited=&#8220;off|desktop&#8220; global_colors_info=&#8220;{}&#8220; padding_tablet=&#8220;|||10%&#8220; padding_last_edited=&#8220;off|desktop&#8220; custom_padding__hover=&#8220;|||&#8220;][et_pb_text admin_label=&#8220;Title&#8220; _builder_version=&#8220;4.16&#8243; text_font=&#8220;||||||||&#8220; header_font=&#8220;Abhaya Libre|700|||||||&#8220; header_font_size=&#8220;70px&#8220; header_line_height=&#8220;1.2em&#8220; header_4_font=&#8220;||||||||&#8220; background_layout=&#8220;dark&#8220; custom_margin=&#8220;|||&#8220; custom_padding=&#8220;|||&#8220; header_font_size_tablet=&#8220;40px&#8220; header_font_size_phone=&#8220;&#8220; header_font_size_last_edited=&#8220;on|tablet&#8220; global_colors_info=&#8220;{}&#8220;]<\/p>\n<h1>Meine Minsker Jahre<\/h1>\n<p>[\/et_pb_text][\/et_pb_column][\/et_pb_row][et_pb_row column_structure=&#8220;1_2,1_2&#8243; _builder_version=&#8220;4.16&#8243; global_colors_info=&#8220;{}&#8220;][et_pb_column type=&#8220;1_2&#8243; _builder_version=&#8220;4.16&#8243; background_color=&#8220;#f4f4f4&#8243; custom_padding=&#8220;|||&#8220; custom_padding_tablet=&#8220;40px|40px|40px|40px&#8220; custom_padding_phone=&#8220;&#8220; custom_padding_last_edited=&#8220;on|tablet&#8220; global_colors_info=&#8220;{}&#8220; padding_tablet=&#8220;40px|40px|40px|40px&#8220; padding_last_edited=&#8220;on|tablet&#8220; custom_padding__hover=&#8220;|||&#8220; padding_phone=&#8220;40px|40px|40px|40px&#8220;][et_pb_text admin_label=&#8220;Title&#8220; _builder_version=&#8220;4.16&#8243; text_font=&#8220;Nunito|600|||||||&#8220; text_font_size=&#8220;15px&#8220; header_font=&#8220;||||||||&#8220; header_font_size=&#8220;80px&#8220; header_2_font=&#8220;Abhaya Libre|700|||||||&#8220; header_2_font_size=&#8220;64px&#8220; header_2_line_height=&#8220;1.2em&#8220; header_4_font=&#8220;Nunito|700||on|||||&#8220; header_4_text_color=&#8220;#bda392&#8243; header_4_letter_spacing=&#8220;2px&#8220; header_4_line_height=&#8220;1.8em&#8220; header_6_font=&#8220;Nunito|600|||||||&#8220; header_6_text_color=&#8220;#666666&#8243; header_6_font_size=&#8220;18px&#8220; header_6_line_height=&#8220;1.4em&#8220; max_width=&#8220;600px&#8220; custom_margin=&#8220;||40px|&#8220; animation_style=&#8220;slide&#8220; animation_direction=&#8220;right&#8220; animation_intensity_slide=&#8220;5%&#8220; animation_starting_opacity=&#8220;100%&#8220; header_font_size_tablet=&#8220;40px&#8220; header_font_size_phone=&#8220;&#8220; header_font_size_last_edited=&#8220;on|tablet&#8220; header_2_font_size_tablet=&#8220;40px&#8220; header_2_font_size_phone=&#8220;&#8220; header_2_font_size_last_edited=&#8220;on|tablet&#8220; locked=&#8220;off&#8220; global_colors_info=&#8220;{}&#8220;]<\/p>\n<h2>Ponnelle, Pierre-Dominique (Autor)<\/h2>\n<h4><em>mit einem Text von Wolf Wondratschek<\/em><\/h4>\n<p>[\/et_pb_text][et_pb_text _builder_version=&#8220;4.16&#8243; text_font=&#8220;Nunito||||||||&#8220; text_font_size=&#8220;18px&#8220; text_line_height=&#8220;1.8em&#8220; header_font=&#8220;||||||||&#8220; width=&#8220;1080px&#8220; max_width=&#8220;600px&#8220; custom_margin=&#8220;|||&#8220; custom_padding=&#8220;||10px|&#8220; animation_style=&#8220;slide&#8220; animation_direction=&#8220;right&#8220; animation_intensity_slide=&#8220;5%&#8220; animation_starting_opacity=&#8220;100%&#8220; locked=&#8220;off&#8220; global_colors_info=&#8220;{}&#8220;]<\/p>\n<p><strong>&#8222;Als junger Musiker h\u00e4tte ich es mir nicht tr\u00e4umen lassen, da\u00df mich mein Weg nach Osten f\u00fchren w\u00fcrde. Was anfangs, durch die schwierigen Bedingungen, wie eine H\u00e4rte wirkte, entpuppte sich als Gl\u00fccksfall. Dank der vielen wunderbaren Menschen, denen ich begegnen durfte, und dank der reichen und mannigfaltigen Kultur f\u00fchle ich mich bereichert, und bin dankbar.&#8220;<\/strong><br \/> &#8212;&#8212;&#8212;&#8212;&#8212;&#8212;&#8212;-<br \/> Der Dirigent und Komponist <strong>Pierre-Dominique Ponnelle<\/strong> wurde 1957 in M\u00fcnchen geboren. Er studierte am dortigen Richard-Strauss-Konservatorium (Komposition bei Rochus Gebhard), sowie bei Otmar Suitner und Herbert von Karajan. Er ist als Dirigent sowohl im Opernbereich als auch in der Sinfonik international t\u00e4tig. 1992 bis 1996, nach dem Zusammenbruch der Sowjetunion, war er Chefdirigent der Staatsphilharmonie in Minsk, Weissrussland. Seine Arbeit dort ist durch Aufnahmen bei den Labels Musicaphon und BMG-RCA dokumentiert, sowie durch den Film \u201eGesang der V\u00f6gel\u201c (Regie: Christian Rischert, BR, 1997). Gleichzeitig gastierte er als freier Dirigent von der Ukraine \u00fcber den Kaukasus, das Wolga-Gebiet, Sankt Petersburg, Zentralasien, Sibirien bis zum Pazifik. Im Westen dirigierte er u.a. das Bruckner-Orchester Linz, das Orchestre Philharmonique de Lyon, die M\u00fcnchner Philharmoniker, die Bamberger Sinfoniker, am Opernhaus Z\u00fcrich, an der Deutschen Oper am Rhein.<br \/> 2010 erschien beim Leipziger Label GENUIN eine CD mit einigen seiner Kammermusikwerke. Seine Musik wurde unter anderem bei den internationalen Festspielen f\u00fcr zeitgen\u00f6ssische Musik in Odessa (Ukraine) und Rostov-am-Don (Russland) aufgef\u00fchrt, in Tashkent (Usbekistan) vom Ensemble f\u00fcr moderne Musik \u201eOmnibus\u201c, in M\u00fcnchen u.a. im Herkulessaal in der Konzertreihe von Georg H\u00f6rtnagel, von Musikern des Bayerischen Staatsorchesters im K\u00fcnstlerhaus, von Mitgliedern des M\u00fcnchener Kammerorchesters im Rahmen eines Portr\u00e4tkonzertes im Orff-Zentrum-M\u00fcnchen, sowie in der Bayerischen Akademie der sch\u00f6nen K\u00fcnste.<br \/> 2018 wurde ihm der Preis f\u00fcr V\u00f6lkerverst\u00e4ndigung von der Stiftung f\u00fcr Demokratie und Marktwirtschaft in M\u00fcnchen verliehen.<\/p>\n<p>[\/et_pb_text][\/et_pb_column][et_pb_column type=&#8220;1_2&#8243; _builder_version=&#8220;4.16&#8243; custom_padding=&#8220;|||&#8220; global_colors_info=&#8220;{}&#8220; custom_padding__hover=&#8220;|||&#8220;][\/et_pb_column][\/et_pb_row][et_pb_row _builder_version=&#8220;4.16&#8243; global_colors_info=&#8220;{}&#8220; column_structure=&#8220;1_2,1_2&#8243;][et_pb_column type=&#8220;1_2&#8243; _builder_version=&#8220;4.16&#8243; global_colors_info=&#8220;{}&#8220;][et_pb_image src=&#8220;http:\/\/pierre-dominique-ponnelle.com\/wp-content\/uploads\/2020\/07\/cover.htm-e1605775689934.jpeg&#8220; _builder_version=&#8220;4.17.4&#8243; _module_preset=&#8220;default&#8220; title_text=&#8220;cover.htm&#8220; show_in_lightbox=&#8220;on&#8220; hover_enabled=&#8220;0&#8243; sticky_enabled=&#8220;0&#8243;][\/et_pb_image][\/et_pb_column][et_pb_column type=&#8220;1_2&#8243; _builder_version=&#8220;4.16&#8243; global_colors_info=&#8220;{}&#8220;][et_pb_cta _builder_version=&#8220;4.17.4&#8243; background_color=&#8220;#0c71c3&#8243; hover_enabled=&#8220;0&#8243; global_colors_info=&#8220;{}&#8220; sticky_enabled=&#8220;0&#8243;]<\/p>\n<h4 class=\"cm-author-page__werke__authorname\"><span> Autor: <\/span> <a href=\"https:\/\/www.rimbaud.de\/authors\/ponnelle-pierre-dominique\/\"> Ponnelle, Pierre-Dominique <\/a><\/h4>\n<h1 class=\"cm-author-page__werke__booktitle\">Meine Minsker Jahre<\/h1>\n<article class=\"cm-author-page__werke__teaser global-padding\">\n<p><em>mit einem Text von Wolf Wondratschek<br \/><\/em>enth\u00e4lt Abbildungen<em><br \/><\/em><\/p>\n<p>Klappenbroschur<br \/>47 S.; 2019<\/p>\n<p>&nbsp;<\/p>\n<div class=\"cm-author-page__werke__isbn\">ISBN 978-3-89086-314-6<\/div>\n<div class=\"cm-author-page__werke__preis\"><span class=\"preis\"> \u20ac 20 ,- <\/span> <a href=\"mailto:info@rimbaud.de?subject=Bestellung&amp;body=Bestellung bei der%0D%0ARimbaud Verlagsgesellschaft mbH%0D%0AOttostrasse 8%0D%0A52070 Aachen%0D%0A%0D%0AGesellschaft mit beschraenkter Haftung: Amtsgericht Aachen HR B 2833%0D%0AGeschaeftsfuehrer: Bernhard Albers, Adrian Krug%0D%0A%0D%0ABitte vervollstaendigen und pruefen Sie diese E-Mail.%0D%0AMit dem Absenden erklaeren Sie verbindlich, die Ware erwerben zu wollen.%0D%0A%0D%0AMein Name:%0D%0Abisherige Kundennummer:%0D%0AStrassenanschrift:%0D%0APLZ Ort:%0D%0A%0D%0ASehr geehrte Damen und Herren,%0D%0A%0D%0Aich bestelle verbindlich folgende Buchtitel:%0D%0A%0D%0AExemplare   ISBN   Autor,   Kurztitel%0D%0A1x  ISBN 978-3-89086-314-6    Meine Minsker Jahre %0D%0A1x  978-3-89086-...%0D%0A1x  978-3-89086-...%0D%0A%0D%0ABitte schicken Sie mir eine E-Mail mit Zahlungsinformationen.%0D%0A%0D%0ASie werden ueber den Eingang Ihrer Bestellung innerhalb von 48 Stunden per E-Mail informiert. %0D%0ADie Zugangsbestaetigung stellt noch keine Annahmeerklaerung dar. %0D%0AMit der Zugangsbestaetigung erhalten Sie eine Widerrufsbelehrung und unsere Allgemeinen Geschaeftsbedingungen. %0D%0ADer Kaufvertrag kommt dadurch zustande, dass wir das in Ihrer Bestellung liegende Angebot zum Abschluss eines Kaufvertrags durch Lieferung der Ware annehmen. %0D%0ADer Vertragstext wird von uns gespeichert und wird Ihnen auf Wunsch zusammen mit unseren Allgemeinen Geschaeftsbedingungen in der zum Zeitpunkt des Vertragschlusses gueltigen Fassung zugesandt. %0D%0A%0D%0A%0D%0A\"> beim Verlag bestellen <\/a><\/div>\n<\/article>\n<p>[\/et_pb_cta][\/et_pb_column][\/et_pb_row][\/et_pb_section]<\/p>\n","protected":false},"excerpt":{"rendered":"<p>Meine Minsker JahrePonnelle, Pierre-Dominique (Autor) mit einem Text von Wolf Wondratschek&#8220;Als junger Musiker h\u00e4tte ich es mir nicht tr\u00e4umen lassen, da\u00df mich mein Weg nach Osten f\u00fchren w\u00fcrde. Was anfangs, durch die schwierigen Bedingungen, wie eine H\u00e4rte wirkte, entpuppte sich als Gl\u00fccksfall. Dank der vielen wunderbaren Menschen, denen ich begegnen durfte, und dank der reichen [&hellip;]<\/p>\n","protected":false},"author":1,"featured_media":0,"parent":0,"menu_order":0,"comment_status":"closed","ping_status":"closed","template":"","meta":{"_et_pb_use_builder":"on","_et_pb_old_content":"","_et_gb_content_width":"","footnotes":""},"class_list":["post-177","page","type-page","status-publish","hentry"],"_links":{"self":[{"href":"http:\/\/pierre-dominique-ponnelle.com\/index.php?rest_route=\/wp\/v2\/pages\/177","targetHints":{"allow":["GET"]}}],"collection":[{"href":"http:\/\/pierre-dominique-ponnelle.com\/index.php?rest_route=\/wp\/v2\/pages"}],"about":[{"href":"http:\/\/pierre-dominique-ponnelle.com\/index.php?rest_route=\/wp\/v2\/types\/page"}],"author":[{"embeddable":true,"href":"http:\/\/pierre-dominique-ponnelle.com\/index.php?rest_route=\/wp\/v2\/users\/1"}],"replies":[{"embeddable":true,"href":"http:\/\/pierre-dominique-ponnelle.com\/index.php?rest_route=%2Fwp%2Fv2%2Fcomments&post=177"}],"version-history":[{"count":12,"href":"http:\/\/pierre-dominique-ponnelle.com\/index.php?rest_route=\/wp\/v2\/pages\/177\/revisions"}],"predecessor-version":[{"id":687,"href":"http:\/\/pierre-dominique-ponnelle.com\/index.php?rest_route=\/wp\/v2\/pages\/177\/revisions\/687"}],"wp:attachment":[{"href":"http:\/\/pierre-dominique-ponnelle.com\/index.php?rest_route=%2Fwp%2Fv2%2Fmedia&parent=177"}],"curies":[{"name":"wp","href":"https:\/\/api.w.org\/{rel}","templated":true}]}}