{"id":209,"date":"2020-09-01T09:06:12","date_gmt":"2020-09-01T09:06:12","guid":{"rendered":"http:\/\/pierre-dominique-ponnelle.com\/?page_id=209"},"modified":"2020-11-19T10:28:22","modified_gmt":"2020-11-19T10:28:22","slug":"zu-meinen-kompositionen","status":"publish","type":"page","link":"http:\/\/pierre-dominique-ponnelle.com\/?page_id=209","title":{"rendered":"Zu meinen Kompositionen"},"content":{"rendered":"<p>[et_pb_section fb_built=&#8220;1&#8243; admin_label=&#8220;Header Section&#8220; _builder_version=&#8220;4.0.9&#8243; background_enable_color=&#8220;off&#8220; background_position=&#8220;top_center&#8220; custom_margin=&#8220;0px||||false|false&#8220; custom_padding=&#8220;0px||||false|false&#8220;][et_pb_row _builder_version=&#8220;4.0.9&#8243; custom_margin=&#8220;0px||||false|false&#8220; custom_padding=&#8220;0px||||false|false&#8220;][et_pb_column type=&#8220;4_4&#8243; _builder_version=&#8220;4.0.9&#8243;][et_pb_slider _builder_version=&#8220;4.0.9&#8243; custom_button=&#8220;on&#8220; button_text_size=&#8220;18px&#8220; button_border_width=&#8220;1px&#8220;][et_pb_slide heading=&#8220;Zu meinen Kompositionen&#8220; button_text=&#8220;\u2014 Werkliste \u2014&#8220; button_link=&#8220;http:\/\/pierre-dominique-ponnelle.com\/?page_id=76&#8243; image=&#8220;http:\/\/pierre-dominique-ponnelle.com\/wp-content\/uploads\/2020\/07\/Ponnelle_8990-Kopie-scaled.jpg&#8220; _builder_version=&#8220;4.0.9&#8243; background_color=&#8220;#0c71c3&#8243; background_enable_color=&#8220;on&#8220; border_radii_image=&#8220;on|10px|10px|10px|10px&#8220;]<\/p>\n<p>\u2014 Auswahl\u00a0\u2014<\/p>\n<p>Oft werde ich gebeten, \u00fcber meine Musik zu sprechen oder zu schreiben. Das f\u00e4llt mir schwer, denn das, was ich aussagen wollte &#8211; immer eine Mischung aus Bewusstem und Unbewusstem &#8211; habe ich ja durch die Noten ausgedr\u00fcckt. Ausserdem sollte Musik aus sich heraus wirken, so wie beispielsweise eine Inszenierung durch das auf der B\u00fchne Sichtbare verst\u00e4ndlich sein sollte, und nicht durch Erl\u00e4uterungen im Programmheft.<\/p>\n<p>[\/et_pb_slide][\/et_pb_slider][\/et_pb_column][\/et_pb_row][et_pb_row _builder_version=&#8220;4.0.9&#8243;][et_pb_column type=&#8220;4_4&#8243; _builder_version=&#8220;4.0.9&#8243;][et_pb_portfolio fullwidth=&#8220;off&#8220; posts_number=&#8220;20&#8243; include_categories=&#8220;4&#8243; show_categories=&#8220;off&#8220; show_pagination=&#8220;off&#8220; _builder_version=&#8220;4.0.9&#8243; title_font_size=&#8220;13px&#8220; hover_enabled=&#8220;0&#8243; title_text_color=&#8220;#727272&#8243;][\/et_pb_portfolio][\/et_pb_column][\/et_pb_row][\/et_pb_section]<\/p>\n","protected":false},"excerpt":{"rendered":"<p>\u2014 Auswahl\u00a0\u2014 Oft werde ich gebeten, \u00fcber meine Musik zu sprechen oder zu schreiben. Das f\u00e4llt mir schwer, denn das, was ich aussagen wollte &#8211; immer eine Mischung aus Bewusstem und Unbewusstem &#8211; habe ich ja durch die Noten ausgedr\u00fcckt. Ausserdem sollte Musik aus sich heraus wirken, so wie beispielsweise eine Inszenierung durch das auf [&hellip;]<\/p>\n","protected":false},"author":1,"featured_media":0,"parent":0,"menu_order":0,"comment_status":"closed","ping_status":"closed","template":"","meta":{"_et_pb_use_builder":"on","_et_pb_old_content":"","_et_gb_content_width":"","footnotes":""},"class_list":["post-209","page","type-page","status-publish","hentry"],"_links":{"self":[{"href":"http:\/\/pierre-dominique-ponnelle.com\/index.php?rest_route=\/wp\/v2\/pages\/209","targetHints":{"allow":["GET"]}}],"collection":[{"href":"http:\/\/pierre-dominique-ponnelle.com\/index.php?rest_route=\/wp\/v2\/pages"}],"about":[{"href":"http:\/\/pierre-dominique-ponnelle.com\/index.php?rest_route=\/wp\/v2\/types\/page"}],"author":[{"embeddable":true,"href":"http:\/\/pierre-dominique-ponnelle.com\/index.php?rest_route=\/wp\/v2\/users\/1"}],"replies":[{"embeddable":true,"href":"http:\/\/pierre-dominique-ponnelle.com\/index.php?rest_route=%2Fwp%2Fv2%2Fcomments&post=209"}],"version-history":[{"count":34,"href":"http:\/\/pierre-dominique-ponnelle.com\/index.php?rest_route=\/wp\/v2\/pages\/209\/revisions"}],"predecessor-version":[{"id":591,"href":"http:\/\/pierre-dominique-ponnelle.com\/index.php?rest_route=\/wp\/v2\/pages\/209\/revisions\/591"}],"wp:attachment":[{"href":"http:\/\/pierre-dominique-ponnelle.com\/index.php?rest_route=%2Fwp%2Fv2%2Fmedia&parent=209"}],"curies":[{"name":"wp","href":"https:\/\/api.w.org\/{rel}","templated":true}]}}