{"id":540,"date":"2020-11-18T13:41:58","date_gmt":"2020-11-18T13:41:58","guid":{"rendered":"http:\/\/pierre-dominique-ponnelle.com\/?page_id=540"},"modified":"2020-11-18T14:10:27","modified_gmt":"2020-11-18T14:10:27","slug":"ehrungen","status":"publish","type":"page","link":"http:\/\/pierre-dominique-ponnelle.com\/?page_id=540","title":{"rendered":"Ehrungen"},"content":{"rendered":"<p>[et_pb_section fb_built=&#8220;1&#8243; _builder_version=&#8220;4.0.9&#8243; custom_margin=&#8220;0px||||false|false&#8220; custom_padding=&#8220;0px||||false|false&#8220;][et_pb_row _builder_version=&#8220;4.0.9&#8243;][et_pb_column type=&#8220;4_4&#8243; _builder_version=&#8220;4.0.9&#8243;][et_pb_text _builder_version=&#8220;4.0.9&#8243; text_text_color=&#8220;#939393&#8243; header_text_color=&#8220;#0c71c3&#8243;]<\/p>\n<h1>Preis f\u00fcr V\u00f6lkerverst\u00e4ndigung<\/h1>\n<h2><span style=\"color: #808080;\">Vorstand und Stiftungsrat der Stiftung Demokratie und Marktwirtschaft<\/span><\/h2>\n<p>[\/et_pb_text][et_pb_image src=&#8220;http:\/\/pierre-dominique-ponnelle.com\/wp-content\/uploads\/2020\/08\/IMG_4229-scaled-e1605708092260.jpg&#8220; _builder_version=&#8220;4.0.9&#8243;][\/et_pb_image][\/et_pb_column][\/et_pb_row][et_pb_row column_structure=&#8220;1_6,1_6,1_6,1_2&#8243; _builder_version=&#8220;4.0.9&#8243; custom_margin=&#8220;0px||||false|false&#8220; custom_padding=&#8220;0px||||false|false&#8220; hover_enabled=&#8220;0&#8243;][et_pb_column type=&#8220;1_6&#8243; _builder_version=&#8220;4.0.9&#8243;][et_pb_image src=&#8220;http:\/\/pierre-dominique-ponnelle.com\/wp-content\/uploads\/2020\/11\/Einladung-1.jpg&#8220; show_in_lightbox=&#8220;on&#8220; _builder_version=&#8220;4.0.9&#8243;][\/et_pb_image][\/et_pb_column][et_pb_column type=&#8220;1_6&#8243; _builder_version=&#8220;4.0.9&#8243;][et_pb_image src=&#8220;http:\/\/pierre-dominique-ponnelle.com\/wp-content\/uploads\/2020\/11\/Einladung-2.jpg&#8220; show_in_lightbox=&#8220;on&#8220; _builder_version=&#8220;4.0.9&#8243;][\/et_pb_image][\/et_pb_column][et_pb_column type=&#8220;1_6&#8243; _builder_version=&#8220;4.0.9&#8243;][et_pb_image src=&#8220;http:\/\/pierre-dominique-ponnelle.com\/wp-content\/uploads\/2020\/11\/Einladung-3.jpg&#8220; show_in_lightbox=&#8220;on&#8220; _builder_version=&#8220;4.0.9&#8243;][\/et_pb_image][\/et_pb_column][et_pb_column type=&#8220;1_2&#8243; _builder_version=&#8220;4.0.9&#8243;][et_pb_text _builder_version=&#8220;4.0.9&#8243;]<\/p>\n<p>Pierre-Dominique Ponnelle hat mit wachem und einf\u00fchlsamen Blick auf seine Wirkungsgebiete im \u00f6stlichen Europa, in Russland und Zentralasien musikalische Werke entstehen lassen, durch die fremde Welten und fremde Schicksale unserem Herzen nahekommen. Er hat aber auch der \u00e4u\u00dferen Welt idealistisch und gekonnt Unterst\u00fctzung gegeben, in dem er nach dem Zusammenbruch der Sowjetunion einer darniederliegenden Konzert- und Opernwelt als Dirigent zur Seite stand. Beide Seiten seines Wirkens verwirklichen in preisw\u00fcrdiger Weise unseren Stiftungszweck. Wir sprechen ihm Dank und Anerkennung aus.<\/p>\n<p>M\u00fcnchen, den 17. Mai 2018<\/p>\n<p>[\/et_pb_text][\/et_pb_column][\/et_pb_row][\/et_pb_section]<\/p>\n","protected":false},"excerpt":{"rendered":"<p>Preis f\u00fcr V\u00f6lkerverst\u00e4ndigung Vorstand und Stiftungsrat der Stiftung Demokratie und MarktwirtschaftPierre-Dominique Ponnelle hat mit wachem und einf\u00fchlsamen Blick auf seine Wirkungsgebiete im \u00f6stlichen Europa, in Russland und Zentralasien musikalische Werke entstehen lassen, durch die fremde Welten und fremde Schicksale unserem Herzen nahekommen. Er hat aber auch der \u00e4u\u00dferen Welt idealistisch und gekonnt Unterst\u00fctzung gegeben, in [&hellip;]<\/p>\n","protected":false},"author":1,"featured_media":541,"parent":0,"menu_order":0,"comment_status":"closed","ping_status":"closed","template":"","meta":{"_et_pb_use_builder":"on","_et_pb_old_content":"","_et_gb_content_width":"","footnotes":""},"class_list":["post-540","page","type-page","status-publish","has-post-thumbnail","hentry"],"_links":{"self":[{"href":"http:\/\/pierre-dominique-ponnelle.com\/index.php?rest_route=\/wp\/v2\/pages\/540","targetHints":{"allow":["GET"]}}],"collection":[{"href":"http:\/\/pierre-dominique-ponnelle.com\/index.php?rest_route=\/wp\/v2\/pages"}],"about":[{"href":"http:\/\/pierre-dominique-ponnelle.com\/index.php?rest_route=\/wp\/v2\/types\/page"}],"author":[{"embeddable":true,"href":"http:\/\/pierre-dominique-ponnelle.com\/index.php?rest_route=\/wp\/v2\/users\/1"}],"replies":[{"embeddable":true,"href":"http:\/\/pierre-dominique-ponnelle.com\/index.php?rest_route=%2Fwp%2Fv2%2Fcomments&post=540"}],"version-history":[{"count":5,"href":"http:\/\/pierre-dominique-ponnelle.com\/index.php?rest_route=\/wp\/v2\/pages\/540\/revisions"}],"predecessor-version":[{"id":551,"href":"http:\/\/pierre-dominique-ponnelle.com\/index.php?rest_route=\/wp\/v2\/pages\/540\/revisions\/551"}],"wp:featuredmedia":[{"embeddable":true,"href":"http:\/\/pierre-dominique-ponnelle.com\/index.php?rest_route=\/wp\/v2\/media\/541"}],"wp:attachment":[{"href":"http:\/\/pierre-dominique-ponnelle.com\/index.php?rest_route=%2Fwp%2Fv2%2Fmedia&parent=540"}],"curies":[{"name":"wp","href":"https:\/\/api.w.org\/{rel}","templated":true}]}}